{"id":406,"date":"2023-06-07T16:55:26","date_gmt":"2023-06-07T16:55:26","guid":{"rendered":"https:\/\/www.nuevopak.com\/startseite\/"},"modified":"2023-07-24T12:46:36","modified_gmt":"2023-07-24T12:46:36","slug":"startseite","status":"publish","type":"page","link":"https:\/\/www.nuevopak.com\/de\/","title":{"rendered":"Startseite"},"content":{"rendered":"\n\t<section class=\"itape-hero alignfull splide \">\n\t\t<div class=\"itape-hero-wrapper splide__track\">\n\t\t\t<ul class=\"splide__list\">\n\t\t\t\t\t\t\t\t\t<li class=\"hero-slide splide__slide \">\n\n\t\t\t\t\t\t\t\t\t\t\t\t\t<div class=\"hero-slide-background-image\">\n\t\t\t\t\t\t\t<div class=\"hero-slide-background-image-wrapper\" style=\"\">\n\t\t\t\t\t\t\t\t\t<img decoding=\"async\" src=\"https:\/\/www.nuevopak.com\/wp-content\/uploads\/sites\/12\/2023\/06\/nuevopak_paper_void_fill.jpg?w=1500\" srcset=\"https:\/\/www.nuevopak.com\/wp-content\/uploads\/sites\/12\/2023\/06\/nuevopak_paper_void_fill.jpg 1500w, https:\/\/www.nuevopak.com\/wp-content\/uploads\/sites\/12\/2023\/06\/nuevopak_paper_void_fill.jpg?resize=300,120 300w, https:\/\/www.nuevopak.com\/wp-content\/uploads\/sites\/12\/2023\/06\/nuevopak_paper_void_fill.jpg?resize=768,307 768w, https:\/\/www.nuevopak.com\/wp-content\/uploads\/sites\/12\/2023\/06\/nuevopak_paper_void_fill.jpg?resize=1024,410 1024w, https:\/\/www.nuevopak.com\/wp-content\/uploads\/sites\/12\/2023\/06\/nuevopak_paper_void_fill.jpg?resize=600,240 600w\" \/>\n\t\t\t\t\t\t\t\t<\/div>\n\t\t\t\t\t\t\t<\/div>\n\t\t\t\t\t\t\n\t\t\t\t\t\t<div\n\t\t\t\t\t\t\tclass=\"hero-slide-overlay hero-slide-overlay-color\"\n\t\t\t\t\t\t\tstyle=\"\n\t\t\t\t\t\t\t--itape-theme-overlay-color:#937043;\n\t\t\t\t\t\t\t--itape-theme-overlay-image: url(https:\/\/www.nuevopak.com\/wp-content\/themes\/nuevopack-theme\/images\/pattern-squares.jpg);\n\t\t\t\t\t\t\"><\/div>\n\n\t\t\t\t\t\t<div class=\"hero-slide-content\" style=\"--itape-theme-text-color: #ffffff;\">\n\t\t\t\t\t\t\t<div class=\"hero-slide-content-left\">\n\t\t\t\t\t\t\t\t<h1 class=\"mb-4 text-3xl md:text-6xl font-heavy\">UMWELTSCHONEND VERPACKEN<\/h1>\n\t\t\t\t\t\t\t\t\n\t\t\t\t\t\t\t\t\n\t\t\t\t\t\t\t\t\t\t\t\t\t\t\t<\/div>\n\t\t\t\t\t\t\t\t\t\t\t\t\t<\/div>\n\t\t\t\t\t<\/li>\n\n\t\t\t\t\t\t\t\t\t<li class=\"hero-slide splide__slide \">\n\n\t\t\t\t\t\t\t\t\t\t\t\t\t<div class=\"hero-slide-background-image\">\n\t\t\t\t\t\t\t<div class=\"hero-slide-background-image-wrapper\" style=\"\">\n\t\t\t\t\t\t\t\t\t<img decoding=\"async\" src=\"https:\/\/www.nuevopak.com\/wp-content\/uploads\/sites\/12\/2023\/06\/nuevopak_paper_systems2.jpg?w=1500\" srcset=\"https:\/\/www.nuevopak.com\/wp-content\/uploads\/sites\/12\/2023\/06\/nuevopak_paper_systems2.jpg 1500w, https:\/\/www.nuevopak.com\/wp-content\/uploads\/sites\/12\/2023\/06\/nuevopak_paper_systems2.jpg?resize=300,120 300w, https:\/\/www.nuevopak.com\/wp-content\/uploads\/sites\/12\/2023\/06\/nuevopak_paper_systems2.jpg?resize=768,307 768w, https:\/\/www.nuevopak.com\/wp-content\/uploads\/sites\/12\/2023\/06\/nuevopak_paper_systems2.jpg?resize=1024,410 1024w, https:\/\/www.nuevopak.com\/wp-content\/uploads\/sites\/12\/2023\/06\/nuevopak_paper_systems2.jpg?resize=600,240 600w\" \/>\n\t\t\t\t\t\t\t\t<\/div>\n\t\t\t\t\t\t\t<\/div>\n\t\t\t\t\t\t\n\t\t\t\t\t\t<div\n\t\t\t\t\t\t\tclass=\"hero-slide-overlay hero-slide-overlay-color\"\n\t\t\t\t\t\t\tstyle=\"\n\t\t\t\t\t\t\t--itape-theme-overlay-color:#666666;\n\t\t\t\t\t\t\t--itape-theme-overlay-image: url(https:\/\/www.nuevopak.com\/wp-content\/themes\/nuevopack-theme\/images\/pattern-squares.jpg);\n\t\t\t\t\t\t\"><\/div>\n\n\t\t\t\t\t\t<div class=\"hero-slide-content\" style=\"--itape-theme-text-color: #ffffff;\">\n\t\t\t\t\t\t\t<div class=\"hero-slide-content-left\">\n\t\t\t\t\t\t\t\t<h1 class=\"mb-4 text-3xl md:text-6xl font-heavy\">VERPACKUNGSL\u00d6SUNGEN<\/h1>\n\t\t\t\t\t\t\t\t\t\t\t\t\t\t\t\t\t<p class=\"text-lg\">nachhaltig, flexibel, zuverl\u00e4ssig, sicher und effektiv<\/p>\n\t\t\t\t\t\t\t\t\n\t\t\t\t\t\t\t\t\n\t\t\t\t\t\t\t\t\t\t\t\t\t\t\t<\/div>\n\t\t\t\t\t\t\t\t\t\t\t\t\t<\/div>\n\t\t\t\t\t<\/li>\n\n\t\t\t\t\t\t\t<\/ul>\n\t\t<\/div>\n\t<\/section>\n\n\n\n\n<div style=\"height:50px\" aria-hidden=\"true\" class=\"wp-block-spacer\"><\/div>\n\n\n<span class=\"prose block px-4 mb-4 wp-core-block-heading\">\n<h2 class=\"wp-block-heading has-primary-color has-text-color\" style=\"text-transform:uppercase\">PRODUKTE<\/h2>\n<\/span>\n\n\n<div class=\"wp-block-columns alignfull is-layout-flex wp-container-core-columns-is-layout-9d6595d7 wp-block-columns-is-layout-flex\">\n<div class=\"wp-block-column is-layout-flow wp-block-column-is-layout-flow\">\n<figure class=\"wp-block-image alignfull size-full\"><a href=\"https:\/\/www.nuevopak.com\/de\/product\/x-fill-de\/x-fill-a\/\"><img loading=\"lazy\" decoding=\"async\" width=\"359\" height=\"200\" src=\"https:\/\/www.nuevopak.com\/wp-content\/uploads\/sites\/12\/2023\/06\/nuevopak_x-fill_a.jpg\" alt=\"\" class=\"wp-image-191\" srcset=\"https:\/\/www.nuevopak.com\/wp-content\/uploads\/sites\/12\/2023\/06\/nuevopak_x-fill_a.jpg 359w, https:\/\/www.nuevopak.com\/wp-content\/uploads\/sites\/12\/2023\/06\/nuevopak_x-fill_a.jpg?resize=300,167 300w\" sizes=\"auto, (max-width: 359px) 100vw, 359px\" \/><\/a><\/figure>\n\n\n\n<div class=\"wp-block-buttons is-layout-flex wp-block-buttons-is-layout-flex\">\n<div class=\"wp-block-button has-custom-width wp-block-button__width-100\"><a class=\"wp-block-button__link has-tertiary-background-color has-background wp-element-button\" href=\"https:\/\/www.nuevopak.com\/de\/product\/x-fill-de\/x-fill-a\/\">X-FILL A<\/a><\/div>\n<\/div>\n<\/div>\n\n\n\n<div class=\"wp-block-column is-layout-flow wp-block-column-is-layout-flow\">\n<figure class=\"wp-block-image alignfull size-full\"><a href=\"https:\/\/www.nuevopak.com\/de\/product\/x-fill-de\/x-fill-m\/\"><img loading=\"lazy\" decoding=\"async\" width=\"359\" height=\"200\" src=\"https:\/\/www.nuevopak.com\/wp-content\/uploads\/sites\/12\/2023\/06\/nuevopak_x-fill_mm.jpg\" alt=\"\" class=\"wp-image-189\" srcset=\"https:\/\/www.nuevopak.com\/wp-content\/uploads\/sites\/12\/2023\/06\/nuevopak_x-fill_mm.jpg 359w, https:\/\/www.nuevopak.com\/wp-content\/uploads\/sites\/12\/2023\/06\/nuevopak_x-fill_mm.jpg?resize=300,167 300w\" sizes=\"auto, (max-width: 359px) 100vw, 359px\" \/><\/a><\/figure>\n\n\n\n<div class=\"wp-block-buttons is-layout-flex wp-block-buttons-is-layout-flex\">\n<div class=\"wp-block-button has-custom-width wp-block-button__width-100\"><a class=\"wp-block-button__link has-tertiary-background-color has-background wp-element-button\" href=\"https:\/\/www.nuevopak.com\/de\/product\/x-fill-de\/x-fill-m\/\">x-fill m<\/a><\/div>\n<\/div>\n<\/div>\n\n\n\n<div class=\"wp-block-column is-layout-flow wp-block-column-is-layout-flow\">\n<figure class=\"wp-block-image alignfull size-full\"><a href=\"https:\/\/www.nuevopak.com\/de\/product\/x-fill-de\/x-fill-pro\/\"><img loading=\"lazy\" decoding=\"async\" width=\"359\" height=\"200\" src=\"https:\/\/www.nuevopak.com\/wp-content\/uploads\/sites\/12\/2023\/06\/nuevopak_x-fill_pro.jpg\" alt=\"\" class=\"wp-image-187\" srcset=\"https:\/\/www.nuevopak.com\/wp-content\/uploads\/sites\/12\/2023\/06\/nuevopak_x-fill_pro.jpg 359w, https:\/\/www.nuevopak.com\/wp-content\/uploads\/sites\/12\/2023\/06\/nuevopak_x-fill_pro.jpg?resize=300,167 300w\" sizes=\"auto, (max-width: 359px) 100vw, 359px\" \/><\/a><\/figure>\n\n\n\n<div class=\"wp-block-buttons is-layout-flex wp-block-buttons-is-layout-flex\">\n<div class=\"wp-block-button has-custom-width wp-block-button__width-100\"><a class=\"wp-block-button__link has-tertiary-background-color has-background wp-element-button\" href=\"https:\/\/www.nuevopak.com\/de\/product\/x-fill-de\/x-fill-pro\/\">x-fill pro<\/a><\/div>\n<\/div>\n<\/div>\n\n\n\n<div class=\"wp-block-column is-layout-flow wp-block-column-is-layout-flow\">\n<figure class=\"wp-block-image alignfull size-full\"><a href=\"https:\/\/www.nuevopak.com\/de\/product\/x-fill-de\/x-fill-sa\/\"><img loading=\"lazy\" decoding=\"async\" width=\"359\" height=\"200\" src=\"https:\/\/www.nuevopak.com\/wp-content\/uploads\/sites\/12\/2023\/06\/nuevopak_x-fill_sa.jpg\" alt=\"\" class=\"wp-image-185\" srcset=\"https:\/\/www.nuevopak.com\/wp-content\/uploads\/sites\/12\/2023\/06\/nuevopak_x-fill_sa.jpg 359w, https:\/\/www.nuevopak.com\/wp-content\/uploads\/sites\/12\/2023\/06\/nuevopak_x-fill_sa.jpg?resize=300,167 300w\" sizes=\"auto, (max-width: 359px) 100vw, 359px\" \/><\/a><\/figure>\n\n\n\n<div class=\"wp-block-buttons is-layout-flex wp-block-buttons-is-layout-flex\">\n<div class=\"wp-block-button has-custom-width wp-block-button__width-100\"><a class=\"wp-block-button__link has-tertiary-background-color has-background wp-element-button\" href=\"https:\/\/www.nuevopak.com\/de\/product\/x-fill-de\/x-fill-sa\/\">x-fill sa<\/a><\/div>\n<\/div>\n<\/div>\n\n\n\n<div class=\"wp-block-column is-layout-flow wp-block-column-is-layout-flow\">\n<figure class=\"wp-block-image alignfull size-full\"><a href=\"https:\/\/www.nuevopak.com\/de\/product\/x-pad-de\/x-pad\/\"><img loading=\"lazy\" decoding=\"async\" width=\"359\" height=\"200\" src=\"https:\/\/www.nuevopak.com\/wp-content\/uploads\/sites\/12\/2023\/06\/nuevopak_x-pad.jpg\" alt=\"\" class=\"wp-image-183\" srcset=\"https:\/\/www.nuevopak.com\/wp-content\/uploads\/sites\/12\/2023\/06\/nuevopak_x-pad.jpg 359w, https:\/\/www.nuevopak.com\/wp-content\/uploads\/sites\/12\/2023\/06\/nuevopak_x-pad.jpg?resize=300,167 300w\" sizes=\"auto, (max-width: 359px) 100vw, 359px\" \/><\/a><\/figure>\n\n\n\n<div class=\"wp-block-buttons is-layout-flex wp-block-buttons-is-layout-flex\">\n<div class=\"wp-block-button has-custom-width wp-block-button__width-100\"><a class=\"wp-block-button__link has-tertiary-background-color has-background wp-element-button\" href=\"https:\/\/www.nuevopak.com\/de\/product\/x-pad-de\/x-pad\/\">x-pad+<\/a><\/div>\n<\/div>\n<\/div>\n\n\n\n<div class=\"wp-block-column is-layout-flow wp-block-column-is-layout-flow\">\n<figure class=\"wp-block-image alignfull size-large\"><a href=\"https:\/\/www.nuevopak.com\/de\/product\/x-wrap-de\/x-wrap\/\"><img loading=\"lazy\" decoding=\"async\" width=\"359\" height=\"200\" src=\"https:\/\/www.nuevopak.com\/wp-content\/uploads\/sites\/12\/2023\/07\/Nuevopak_X-Wrap.jpg?w=359\" alt=\"X-Wrap\" class=\"wp-image-673\" srcset=\"https:\/\/www.nuevopak.com\/wp-content\/uploads\/sites\/12\/2023\/07\/Nuevopak_X-Wrap.jpg 359w, https:\/\/www.nuevopak.com\/wp-content\/uploads\/sites\/12\/2023\/07\/Nuevopak_X-Wrap.jpg?resize=300,167 300w\" sizes=\"auto, (max-width: 359px) 100vw, 359px\" \/><\/a><\/figure>\n\n\n\n<div class=\"wp-block-buttons is-layout-flex wp-block-buttons-is-layout-flex\">\n<div class=\"wp-block-button has-custom-width wp-block-button__width-100\"><a class=\"wp-block-button__link has-tertiary-background-color has-background wp-element-button\" href=\"https:\/\/www.nuevopak.com\/de\/product\/x-wrap-de\/x-wrap\/\">x-wrap<\/a><\/div>\n<\/div>\n<\/div>\n<\/div>\n\n\n\n<div style=\"height:100px\" aria-hidden=\"true\" class=\"wp-block-spacer\"><\/div>\n\n\n\n<div class=\"wp-block-media-text alignfull has-media-on-the-right is-stacked-on-mobile has-primary-background-color has-background\"><div class=\"wp-block-media-text__content\"><span class=\"prose block px-4 mb-4 wp-core-block-heading\">\n<h2 class=\"wp-block-heading has-text-align-center has-white-color has-text-color has-large-font-size\" id=\"h-unser-versprechen\">UNSER VERSPRECHEN<\/h2>\n<\/span>\n\n<span class=\"prose block px-4 mb-4 wp-core-block-paragraph\">\n<p class=\"has-text-align-center has-white-color has-text-color has-medium-font-size\">Unsere Produkte orientieren sich an den Bed\u00fcrfnissen und Anforderungen unserer Kunden, dabei setzen wir konsequent auf recycelte Materialien. Unser Ziel ist es, die Erwartungen unserer Kunden zu \u00fcbertreffen und eine sichere und effiziente Arbeitsumgebung f\u00fcr sie zu schaffen. Bei Nuevopak integrieren wir Nachhaltigkeit in unsere t\u00e4gliche Strategie und Entscheidungsfindung, um einen positiven Einfluss auf unsere Umwelt zu haben und unseren \u00f6kologischen Fu\u00dfabdruck zu verringern.<\/p>\n<\/span><\/div><figure class=\"wp-block-media-text__media\"><img loading=\"lazy\" decoding=\"async\" width=\"768\" height=\"500\" src=\"https:\/\/www.nuevopak.com\/wp-content\/uploads\/sites\/12\/2023\/06\/ba7a0731-768x500-1.jpg?w=768\" alt=\"\" class=\"wp-image-203 size-full\" srcset=\"https:\/\/www.nuevopak.com\/wp-content\/uploads\/sites\/12\/2023\/06\/ba7a0731-768x500-1.jpg 768w, https:\/\/www.nuevopak.com\/wp-content\/uploads\/sites\/12\/2023\/06\/ba7a0731-768x500-1.jpg?resize=300,195 300w, https:\/\/www.nuevopak.com\/wp-content\/uploads\/sites\/12\/2023\/06\/ba7a0731-768x500-1.jpg?resize=600,391 600w\" sizes=\"auto, (max-width: 768px) 100vw, 768px\" \/><\/figure><\/div>\n","protected":false},"excerpt":{"rendered":"<p>PRODUKTE UNSER VERSPRECHEN Unsere Produkte orientieren sich an den Bed\u00fcrfnissen und Anforderungen unserer Kunden, dabei setzen wir konsequent auf recycelte Materialien. Unser Ziel ist es, die Erwartungen unserer Kunden zu \u00fcbertreffen und eine sichere und effiziente Arbeitsumgebung f\u00fcr sie zu schaffen. Bei Nuevopak integrieren wir Nachhaltigkeit in unsere t\u00e4gliche Strategie und Entscheidungsfindung, um einen positiven<a class=\"excerpt-more-tag\" href=\"https:\/\/www.nuevopak.com\/de\/\">Read more&#8230;<\/a><\/p>\n","protected":false},"author":11,"featured_media":0,"parent":0,"menu_order":0,"comment_status":"closed","ping_status":"closed","template":"","meta":{"_acf_changed":false,"footnotes":""},"class_list":["post-406","page","type-page","status-publish","hentry"],"acf":[],"yoast_head":"<!-- This site is optimized with the Yoast SEO Premium plugin v24.1 (Yoast SEO v27.3) - https:\/\/yoast.com\/product\/yoast-seo-premium-wordpress\/ -->\n<title>Startseite - Nuevopak<\/title>\n<meta name=\"robots\" content=\"index, follow, max-snippet:-1, max-image-preview:large, max-video-preview:-1\" \/>\n<link rel=\"canonical\" href=\"https:\/\/www.nuevopak.com\/de\/\" \/>\n<meta property=\"og:locale\" content=\"de_DE\" \/>\n<meta property=\"og:type\" content=\"article\" \/>\n<meta property=\"og:title\" content=\"Startseite\" \/>\n<meta property=\"og:description\" content=\"PRODUKTE UNSER VERSPRECHEN Unsere Produkte orientieren sich an den Bed\u00fcrfnissen und Anforderungen unserer Kunden, dabei setzen wir konsequent auf recycelte Materialien. Unser Ziel ist es, die Erwartungen unserer Kunden zu \u00fcbertreffen und eine sichere und effiziente Arbeitsumgebung f\u00fcr sie zu schaffen. Bei Nuevopak integrieren wir Nachhaltigkeit in unsere t\u00e4gliche Strategie und Entscheidungsfindung, um einen positivenRead more...\" \/>\n<meta property=\"og:url\" content=\"https:\/\/www.nuevopak.com\/de\/\" \/>\n<meta property=\"og:site_name\" content=\"Nuevopak\" \/>\n<meta property=\"article:modified_time\" content=\"2023-07-24T12:46:36+00:00\" \/>\n<meta property=\"og:image\" content=\"https:\/\/www.nuevopak.com\/wp-content\/uploads\/sites\/12\/2023\/06\/nuevopak_x-fill_a.jpg\" \/>\n<meta name=\"twitter:card\" content=\"summary_large_image\" \/>\n<meta name=\"twitter:label1\" content=\"Est. reading time\" \/>\n\t<meta name=\"twitter:data1\" content=\"2 Minuten\" \/>\n<script type=\"application\/ld+json\" class=\"yoast-schema-graph\">{\"@context\":\"https:\\\/\\\/schema.org\",\"@graph\":[{\"@type\":\"WebPage\",\"@id\":\"https:\\\/\\\/www.nuevopak.com\\\/de\\\/\",\"url\":\"https:\\\/\\\/www.nuevopak.com\\\/de\\\/\",\"name\":\"Startseite - Nuevopak\",\"isPartOf\":{\"@id\":\"https:\\\/\\\/www.nuevopak.com\\\/de\\\/#website\"},\"primaryImageOfPage\":{\"@id\":\"https:\\\/\\\/www.nuevopak.com\\\/de\\\/#primaryimage\"},\"image\":{\"@id\":\"https:\\\/\\\/www.nuevopak.com\\\/de\\\/#primaryimage\"},\"thumbnailUrl\":\"https:\\\/\\\/www.nuevopak.com\\\/wp-content\\\/uploads\\\/sites\\\/12\\\/2023\\\/06\\\/nuevopak_x-fill_a.jpg\",\"datePublished\":\"2023-06-07T16:55:26+00:00\",\"dateModified\":\"2023-07-24T12:46:36+00:00\",\"breadcrumb\":{\"@id\":\"https:\\\/\\\/www.nuevopak.com\\\/de\\\/#breadcrumb\"},\"inLanguage\":\"de-DE\",\"potentialAction\":[{\"@type\":\"ReadAction\",\"target\":[\"https:\\\/\\\/www.nuevopak.com\\\/de\\\/\"]}]},{\"@type\":\"ImageObject\",\"inLanguage\":\"de-DE\",\"@id\":\"https:\\\/\\\/www.nuevopak.com\\\/de\\\/#primaryimage\",\"url\":\"https:\\\/\\\/www.nuevopak.com\\\/wp-content\\\/uploads\\\/sites\\\/12\\\/2023\\\/06\\\/nuevopak_x-fill_a.jpg\",\"contentUrl\":\"https:\\\/\\\/www.nuevopak.com\\\/wp-content\\\/uploads\\\/sites\\\/12\\\/2023\\\/06\\\/nuevopak_x-fill_a.jpg\"},{\"@type\":\"BreadcrumbList\",\"@id\":\"https:\\\/\\\/www.nuevopak.com\\\/de\\\/#breadcrumb\",\"itemListElement\":[{\"@type\":\"ListItem\",\"position\":1,\"name\":\"Home\",\"item\":\"https:\\\/\\\/www.nuevopak.com\\\/de\\\/\"},{\"@type\":\"ListItem\",\"position\":2,\"name\":\"Startseite\"}]},{\"@type\":\"WebSite\",\"@id\":\"https:\\\/\\\/www.nuevopak.com\\\/de\\\/#website\",\"url\":\"https:\\\/\\\/www.nuevopak.com\\\/de\\\/\",\"name\":\"Nuevopak\",\"description\":\"\",\"publisher\":{\"@id\":\"https:\\\/\\\/www.nuevopak.com\\\/de\\\/#organization\"},\"potentialAction\":[{\"@type\":\"SearchAction\",\"target\":{\"@type\":\"EntryPoint\",\"urlTemplate\":\"https:\\\/\\\/www.nuevopak.com\\\/de\\\/?s={search_term_string}\"},\"query-input\":{\"@type\":\"PropertyValueSpecification\",\"valueRequired\":true,\"valueName\":\"search_term_string\"}}],\"inLanguage\":\"de-DE\"},{\"@type\":\"Organization\",\"@id\":\"https:\\\/\\\/www.nuevopak.com\\\/de\\\/#organization\",\"name\":\"Nuevopak\",\"url\":\"https:\\\/\\\/www.nuevopak.com\\\/de\\\/\",\"logo\":{\"@type\":\"ImageObject\",\"inLanguage\":\"de-DE\",\"@id\":\"https:\\\/\\\/www.nuevopak.com\\\/de\\\/#\\\/schema\\\/logo\\\/image\\\/\",\"url\":\"https:\\\/\\\/www.nuevopak.com\\\/wp-content\\\/uploads\\\/sites\\\/12\\\/2023\\\/06\\\/nuevopak-logo_website.jpg\",\"contentUrl\":\"https:\\\/\\\/www.nuevopak.com\\\/wp-content\\\/uploads\\\/sites\\\/12\\\/2023\\\/06\\\/nuevopak-logo_website.jpg\",\"width\":122,\"height\":53,\"caption\":\"Nuevopak\"},\"image\":{\"@id\":\"https:\\\/\\\/www.nuevopak.com\\\/de\\\/#\\\/schema\\\/logo\\\/image\\\/\"}}]}<\/script>\n<!-- \/ Yoast SEO Premium plugin. -->","yoast_head_json":{"title":"Startseite - Nuevopak","robots":{"index":"index","follow":"follow","max-snippet":"max-snippet:-1","max-image-preview":"max-image-preview:large","max-video-preview":"max-video-preview:-1"},"canonical":"https:\/\/www.nuevopak.com\/de\/","og_locale":"de_DE","og_type":"article","og_title":"Startseite","og_description":"PRODUKTE UNSER VERSPRECHEN Unsere Produkte orientieren sich an den Bed\u00fcrfnissen und Anforderungen unserer Kunden, dabei setzen wir konsequent auf recycelte Materialien. Unser Ziel ist es, die Erwartungen unserer Kunden zu \u00fcbertreffen und eine sichere und effiziente Arbeitsumgebung f\u00fcr sie zu schaffen. Bei Nuevopak integrieren wir Nachhaltigkeit in unsere t\u00e4gliche Strategie und Entscheidungsfindung, um einen positivenRead more...","og_url":"https:\/\/www.nuevopak.com\/de\/","og_site_name":"Nuevopak","article_modified_time":"2023-07-24T12:46:36+00:00","og_image":[{"url":"https:\/\/www.nuevopak.com\/wp-content\/uploads\/sites\/12\/2023\/06\/nuevopak_x-fill_a.jpg","type":"","width":"","height":""}],"twitter_card":"summary_large_image","twitter_misc":{"Est. reading time":"2 Minuten"},"schema":{"@context":"https:\/\/schema.org","@graph":[{"@type":"WebPage","@id":"https:\/\/www.nuevopak.com\/de\/","url":"https:\/\/www.nuevopak.com\/de\/","name":"Startseite - Nuevopak","isPartOf":{"@id":"https:\/\/www.nuevopak.com\/de\/#website"},"primaryImageOfPage":{"@id":"https:\/\/www.nuevopak.com\/de\/#primaryimage"},"image":{"@id":"https:\/\/www.nuevopak.com\/de\/#primaryimage"},"thumbnailUrl":"https:\/\/www.nuevopak.com\/wp-content\/uploads\/sites\/12\/2023\/06\/nuevopak_x-fill_a.jpg","datePublished":"2023-06-07T16:55:26+00:00","dateModified":"2023-07-24T12:46:36+00:00","breadcrumb":{"@id":"https:\/\/www.nuevopak.com\/de\/#breadcrumb"},"inLanguage":"de-DE","potentialAction":[{"@type":"ReadAction","target":["https:\/\/www.nuevopak.com\/de\/"]}]},{"@type":"ImageObject","inLanguage":"de-DE","@id":"https:\/\/www.nuevopak.com\/de\/#primaryimage","url":"https:\/\/www.nuevopak.com\/wp-content\/uploads\/sites\/12\/2023\/06\/nuevopak_x-fill_a.jpg","contentUrl":"https:\/\/www.nuevopak.com\/wp-content\/uploads\/sites\/12\/2023\/06\/nuevopak_x-fill_a.jpg"},{"@type":"BreadcrumbList","@id":"https:\/\/www.nuevopak.com\/de\/#breadcrumb","itemListElement":[{"@type":"ListItem","position":1,"name":"Home","item":"https:\/\/www.nuevopak.com\/de\/"},{"@type":"ListItem","position":2,"name":"Startseite"}]},{"@type":"WebSite","@id":"https:\/\/www.nuevopak.com\/de\/#website","url":"https:\/\/www.nuevopak.com\/de\/","name":"Nuevopak","description":"","publisher":{"@id":"https:\/\/www.nuevopak.com\/de\/#organization"},"potentialAction":[{"@type":"SearchAction","target":{"@type":"EntryPoint","urlTemplate":"https:\/\/www.nuevopak.com\/de\/?s={search_term_string}"},"query-input":{"@type":"PropertyValueSpecification","valueRequired":true,"valueName":"search_term_string"}}],"inLanguage":"de-DE"},{"@type":"Organization","@id":"https:\/\/www.nuevopak.com\/de\/#organization","name":"Nuevopak","url":"https:\/\/www.nuevopak.com\/de\/","logo":{"@type":"ImageObject","inLanguage":"de-DE","@id":"https:\/\/www.nuevopak.com\/de\/#\/schema\/logo\/image\/","url":"https:\/\/www.nuevopak.com\/wp-content\/uploads\/sites\/12\/2023\/06\/nuevopak-logo_website.jpg","contentUrl":"https:\/\/www.nuevopak.com\/wp-content\/uploads\/sites\/12\/2023\/06\/nuevopak-logo_website.jpg","width":122,"height":53,"caption":"Nuevopak"},"image":{"@id":"https:\/\/www.nuevopak.com\/de\/#\/schema\/logo\/image\/"}}]}},"jetpack_sharing_enabled":true,"_links":{"self":[{"href":"https:\/\/www.nuevopak.com\/de\/wp-json\/wp\/v2\/pages\/406","targetHints":{"allow":["GET"]}}],"collection":[{"href":"https:\/\/www.nuevopak.com\/de\/wp-json\/wp\/v2\/pages"}],"about":[{"href":"https:\/\/www.nuevopak.com\/de\/wp-json\/wp\/v2\/types\/page"}],"author":[{"embeddable":true,"href":"https:\/\/www.nuevopak.com\/de\/wp-json\/wp\/v2\/users\/11"}],"replies":[{"embeddable":true,"href":"https:\/\/www.nuevopak.com\/de\/wp-json\/wp\/v2\/comments?post=406"}],"version-history":[{"count":23,"href":"https:\/\/www.nuevopak.com\/de\/wp-json\/wp\/v2\/pages\/406\/revisions"}],"predecessor-version":[{"id":748,"href":"https:\/\/www.nuevopak.com\/de\/wp-json\/wp\/v2\/pages\/406\/revisions\/748"}],"wp:attachment":[{"href":"https:\/\/www.nuevopak.com\/de\/wp-json\/wp\/v2\/media?parent=406"}],"curies":[{"name":"wp","href":"https:\/\/api.w.org\/{rel}","templated":true}]}}