{"id":446,"date":"2023-06-07T13:28:11","date_gmt":"2023-06-07T13:28:11","guid":{"rendered":"https:\/\/www.nuevopak.com\/products\/unkategorisiert\/x-fill-sa\/"},"modified":"2023-07-18T21:26:31","modified_gmt":"2023-07-18T21:26:31","slug":"x-fill-sa","status":"publish","type":"product","link":"https:\/\/www.nuevopak.com\/de\/product\/x-fill-products-de\/x-fill-sa\/","title":{"rendered":"X-Fill SA"},"content":{"rendered":"<div class=\"prose\">\n<ul>\n<li>Automatische Papierf\u00f6rderung<\/li>\n<li>Verschiedene Bedienmodi<\/li>\n<li>Selbsterkl\u00e4rende und unkomplizierte Handhabung<\/li>\n<li>Platzsparend<\/li>\n<li>Innovative Papierstauvermeidung<\/li>\n<li>Ergonomische Anbringung am Packplatz<\/li>\n<\/ul>\n<\/div>\n","protected":false},"excerpt":{"rendered":"<p>Der Allrounder unter den Papierf\u00fcllsystemen l\u00e4sst sich problemlos an lhren Packplatz integrieren. Das zuverl\u00e4ssige System ist in der Lage, Prozessst\u00f6rungen und Papierstaus zu vermeiden, noch bevor diese den Arbeitsablauf behindern k\u00f6nnen. Unterschiedliche Ausf\u00fchrungen bieten ein hohes Ma\u00df an individuellen Anpassungsm\u00f6glichkeiten.<br \/>\n<img loading=\"lazy\" decoding=\"async\" class=\"wp-image-55 size-full aligncenter\" src=\"https:\/\/www.nuevopak.com\/wp-content\/uploads\/sites\/12\/2023\/06\/xfillsarendering.jpg\" alt=\"\" width=\"430\" height=\"92\" srcset=\"https:\/\/www.nuevopak.com\/wp-content\/uploads\/sites\/12\/2023\/06\/xfillsarendering.jpg 430w, https:\/\/www.nuevopak.com\/wp-content\/uploads\/sites\/12\/2023\/06\/xfillsarendering.jpg?resize=300,64 300w\" sizes=\"auto, (max-width: 430px) 100vw, 430px\" \/><\/p>\n","protected":false},"featured_media":588,"template":"","meta":{"_acf_changed":false},"product_brand":[],"product_cat":[44],"product_tag":[56,55],"associated_application":[],"class_list":{"0":"post-446","1":"product","2":"type-product","3":"status-publish","4":"has-post-thumbnail","6":"product_cat-x-fill-products-de","7":"product_tag-halbautomatische","8":"product_tag-semi-automatic-de","10":"first","11":"instock","12":"shipping-taxable","13":"product-type-simple"},"acf":[],"yoast_head":"<!-- This site is optimized with the Yoast SEO Premium plugin v24.1 (Yoast SEO v27.3) - https:\/\/yoast.com\/product\/yoast-seo-premium-wordpress\/ -->\n<title>X-Fill SA - Nuevopak<\/title>\n<meta name=\"robots\" content=\"index, follow, max-snippet:-1, max-image-preview:large, max-video-preview:-1\" \/>\n<link rel=\"canonical\" href=\"https:\/\/www.nuevopak.com\/de\/product\/x-fill-products-de\/x-fill-sa\/\" \/>\n<meta property=\"og:locale\" content=\"de_DE\" \/>\n<meta property=\"og:type\" content=\"article\" \/>\n<meta property=\"og:title\" content=\"X-Fill SA\" \/>\n<meta property=\"og:description\" content=\"Der Allrounder unter den Papierf\u00fcllsystemen l\u00e4sst sich problemlos an lhren Packplatz integrieren. Das zuverl\u00e4ssige System ist in der Lage, Prozessst\u00f6rungen und Papierstaus zu vermeiden, noch bevor diese den Arbeitsablauf behindern k\u00f6nnen. Unterschiedliche Ausf\u00fchrungen bieten ein hohes Ma\u00df an individuellen Anpassungsm\u00f6glichkeiten.\" \/>\n<meta property=\"og:url\" content=\"https:\/\/www.nuevopak.com\/de\/product\/x-fill-products-de\/x-fill-sa\/\" \/>\n<meta property=\"og:site_name\" content=\"Nuevopak\" \/>\n<meta property=\"article:modified_time\" content=\"2023-07-18T21:26:31+00:00\" \/>\n<meta property=\"og:image\" content=\"https:\/\/www.nuevopak.com\/wp-content\/uploads\/sites\/12\/2023\/06\/X-Fill-SA_2.jpg\" \/>\n\t<meta property=\"og:image:width\" content=\"1000\" \/>\n\t<meta property=\"og:image:height\" content=\"1000\" \/>\n\t<meta property=\"og:image:type\" content=\"image\/jpeg\" \/>\n<meta name=\"twitter:card\" content=\"summary_large_image\" \/>\n<meta name=\"twitter:label1\" content=\"Est. reading time\" \/>\n\t<meta name=\"twitter:data1\" content=\"1 Minute\" \/>\n<script type=\"application\/ld+json\" class=\"yoast-schema-graph\">{\"@context\":\"https:\\\/\\\/schema.org\",\"@graph\":[{\"@type\":\"WebPage\",\"@id\":\"https:\\\/\\\/www.nuevopak.com\\\/de\\\/product\\\/x-fill-products-de\\\/x-fill-sa\\\/\",\"url\":\"https:\\\/\\\/www.nuevopak.com\\\/de\\\/product\\\/x-fill-products-de\\\/x-fill-sa\\\/\",\"name\":\"X-Fill SA - Nuevopak\",\"isPartOf\":{\"@id\":\"https:\\\/\\\/www.nuevopak.com\\\/de\\\/#website\"},\"primaryImageOfPage\":{\"@id\":\"https:\\\/\\\/www.nuevopak.com\\\/de\\\/product\\\/x-fill-products-de\\\/x-fill-sa\\\/#primaryimage\"},\"image\":{\"@id\":\"https:\\\/\\\/www.nuevopak.com\\\/de\\\/product\\\/x-fill-products-de\\\/x-fill-sa\\\/#primaryimage\"},\"thumbnailUrl\":\"https:\\\/\\\/www.nuevopak.com\\\/wp-content\\\/uploads\\\/sites\\\/12\\\/2023\\\/06\\\/X-Fill-SA_2.jpg\",\"datePublished\":\"2023-06-07T13:28:11+00:00\",\"dateModified\":\"2023-07-18T21:26:31+00:00\",\"breadcrumb\":{\"@id\":\"https:\\\/\\\/www.nuevopak.com\\\/de\\\/product\\\/x-fill-products-de\\\/x-fill-sa\\\/#breadcrumb\"},\"inLanguage\":\"de-DE\",\"potentialAction\":[{\"@type\":\"ReadAction\",\"target\":[\"https:\\\/\\\/www.nuevopak.com\\\/de\\\/product\\\/x-fill-products-de\\\/x-fill-sa\\\/\"]}]},{\"@type\":\"ImageObject\",\"inLanguage\":\"de-DE\",\"@id\":\"https:\\\/\\\/www.nuevopak.com\\\/de\\\/product\\\/x-fill-products-de\\\/x-fill-sa\\\/#primaryimage\",\"url\":\"https:\\\/\\\/www.nuevopak.com\\\/wp-content\\\/uploads\\\/sites\\\/12\\\/2023\\\/06\\\/X-Fill-SA_2.jpg\",\"contentUrl\":\"https:\\\/\\\/www.nuevopak.com\\\/wp-content\\\/uploads\\\/sites\\\/12\\\/2023\\\/06\\\/X-Fill-SA_2.jpg\",\"width\":1000,\"height\":1000,\"caption\":\"X-Fill SA\"},{\"@type\":\"BreadcrumbList\",\"@id\":\"https:\\\/\\\/www.nuevopak.com\\\/de\\\/product\\\/x-fill-products-de\\\/x-fill-sa\\\/#breadcrumb\",\"itemListElement\":[{\"@type\":\"ListItem\",\"position\":1,\"name\":\"Home\",\"item\":\"https:\\\/\\\/www.nuevopak.com\\\/de\\\/\"},{\"@type\":\"ListItem\",\"position\":2,\"name\":\"Products\",\"item\":\"https:\\\/\\\/www.nuevopak.com\\\/de\\\/produkte\\\/\"},{\"@type\":\"ListItem\",\"position\":3,\"name\":\"X-Fill SA\"}]},{\"@type\":\"WebSite\",\"@id\":\"https:\\\/\\\/www.nuevopak.com\\\/de\\\/#website\",\"url\":\"https:\\\/\\\/www.nuevopak.com\\\/de\\\/\",\"name\":\"Nuevopak\",\"description\":\"\",\"publisher\":{\"@id\":\"https:\\\/\\\/www.nuevopak.com\\\/de\\\/#organization\"},\"potentialAction\":[{\"@type\":\"SearchAction\",\"target\":{\"@type\":\"EntryPoint\",\"urlTemplate\":\"https:\\\/\\\/www.nuevopak.com\\\/de\\\/?s={search_term_string}\"},\"query-input\":{\"@type\":\"PropertyValueSpecification\",\"valueRequired\":true,\"valueName\":\"search_term_string\"}}],\"inLanguage\":\"de-DE\"},{\"@type\":\"Organization\",\"@id\":\"https:\\\/\\\/www.nuevopak.com\\\/de\\\/#organization\",\"name\":\"Nuevopak\",\"url\":\"https:\\\/\\\/www.nuevopak.com\\\/de\\\/\",\"logo\":{\"@type\":\"ImageObject\",\"inLanguage\":\"de-DE\",\"@id\":\"https:\\\/\\\/www.nuevopak.com\\\/de\\\/#\\\/schema\\\/logo\\\/image\\\/\",\"url\":\"https:\\\/\\\/www.nuevopak.com\\\/wp-content\\\/uploads\\\/sites\\\/12\\\/2023\\\/06\\\/nuevopak-logo_website.jpg\",\"contentUrl\":\"https:\\\/\\\/www.nuevopak.com\\\/wp-content\\\/uploads\\\/sites\\\/12\\\/2023\\\/06\\\/nuevopak-logo_website.jpg\",\"width\":122,\"height\":53,\"caption\":\"Nuevopak\"},\"image\":{\"@id\":\"https:\\\/\\\/www.nuevopak.com\\\/de\\\/#\\\/schema\\\/logo\\\/image\\\/\"}}]}<\/script>\n<!-- \/ Yoast SEO Premium plugin. -->","yoast_head_json":{"title":"X-Fill SA - Nuevopak","robots":{"index":"index","follow":"follow","max-snippet":"max-snippet:-1","max-image-preview":"max-image-preview:large","max-video-preview":"max-video-preview:-1"},"canonical":"https:\/\/www.nuevopak.com\/de\/product\/x-fill-products-de\/x-fill-sa\/","og_locale":"de_DE","og_type":"article","og_title":"X-Fill SA","og_description":"Der Allrounder unter den Papierf\u00fcllsystemen l\u00e4sst sich problemlos an lhren Packplatz integrieren. Das zuverl\u00e4ssige System ist in der Lage, Prozessst\u00f6rungen und Papierstaus zu vermeiden, noch bevor diese den Arbeitsablauf behindern k\u00f6nnen. Unterschiedliche Ausf\u00fchrungen bieten ein hohes Ma\u00df an individuellen Anpassungsm\u00f6glichkeiten.","og_url":"https:\/\/www.nuevopak.com\/de\/product\/x-fill-products-de\/x-fill-sa\/","og_site_name":"Nuevopak","article_modified_time":"2023-07-18T21:26:31+00:00","og_image":[{"width":1000,"height":1000,"url":"https:\/\/www.nuevopak.com\/wp-content\/uploads\/sites\/12\/2023\/06\/X-Fill-SA_2.jpg","type":"image\/jpeg"}],"twitter_card":"summary_large_image","twitter_misc":{"Est. reading time":"1 Minute"},"schema":{"@context":"https:\/\/schema.org","@graph":[{"@type":"WebPage","@id":"https:\/\/www.nuevopak.com\/de\/product\/x-fill-products-de\/x-fill-sa\/","url":"https:\/\/www.nuevopak.com\/de\/product\/x-fill-products-de\/x-fill-sa\/","name":"X-Fill SA - Nuevopak","isPartOf":{"@id":"https:\/\/www.nuevopak.com\/de\/#website"},"primaryImageOfPage":{"@id":"https:\/\/www.nuevopak.com\/de\/product\/x-fill-products-de\/x-fill-sa\/#primaryimage"},"image":{"@id":"https:\/\/www.nuevopak.com\/de\/product\/x-fill-products-de\/x-fill-sa\/#primaryimage"},"thumbnailUrl":"https:\/\/www.nuevopak.com\/wp-content\/uploads\/sites\/12\/2023\/06\/X-Fill-SA_2.jpg","datePublished":"2023-06-07T13:28:11+00:00","dateModified":"2023-07-18T21:26:31+00:00","breadcrumb":{"@id":"https:\/\/www.nuevopak.com\/de\/product\/x-fill-products-de\/x-fill-sa\/#breadcrumb"},"inLanguage":"de-DE","potentialAction":[{"@type":"ReadAction","target":["https:\/\/www.nuevopak.com\/de\/product\/x-fill-products-de\/x-fill-sa\/"]}]},{"@type":"ImageObject","inLanguage":"de-DE","@id":"https:\/\/www.nuevopak.com\/de\/product\/x-fill-products-de\/x-fill-sa\/#primaryimage","url":"https:\/\/www.nuevopak.com\/wp-content\/uploads\/sites\/12\/2023\/06\/X-Fill-SA_2.jpg","contentUrl":"https:\/\/www.nuevopak.com\/wp-content\/uploads\/sites\/12\/2023\/06\/X-Fill-SA_2.jpg","width":1000,"height":1000,"caption":"X-Fill SA"},{"@type":"BreadcrumbList","@id":"https:\/\/www.nuevopak.com\/de\/product\/x-fill-products-de\/x-fill-sa\/#breadcrumb","itemListElement":[{"@type":"ListItem","position":1,"name":"Home","item":"https:\/\/www.nuevopak.com\/de\/"},{"@type":"ListItem","position":2,"name":"Products","item":"https:\/\/www.nuevopak.com\/de\/produkte\/"},{"@type":"ListItem","position":3,"name":"X-Fill SA"}]},{"@type":"WebSite","@id":"https:\/\/www.nuevopak.com\/de\/#website","url":"https:\/\/www.nuevopak.com\/de\/","name":"Nuevopak","description":"","publisher":{"@id":"https:\/\/www.nuevopak.com\/de\/#organization"},"potentialAction":[{"@type":"SearchAction","target":{"@type":"EntryPoint","urlTemplate":"https:\/\/www.nuevopak.com\/de\/?s={search_term_string}"},"query-input":{"@type":"PropertyValueSpecification","valueRequired":true,"valueName":"search_term_string"}}],"inLanguage":"de-DE"},{"@type":"Organization","@id":"https:\/\/www.nuevopak.com\/de\/#organization","name":"Nuevopak","url":"https:\/\/www.nuevopak.com\/de\/","logo":{"@type":"ImageObject","inLanguage":"de-DE","@id":"https:\/\/www.nuevopak.com\/de\/#\/schema\/logo\/image\/","url":"https:\/\/www.nuevopak.com\/wp-content\/uploads\/sites\/12\/2023\/06\/nuevopak-logo_website.jpg","contentUrl":"https:\/\/www.nuevopak.com\/wp-content\/uploads\/sites\/12\/2023\/06\/nuevopak-logo_website.jpg","width":122,"height":53,"caption":"Nuevopak"},"image":{"@id":"https:\/\/www.nuevopak.com\/de\/#\/schema\/logo\/image\/"}}]}},"jetpack_sharing_enabled":true,"_links":{"self":[{"href":"https:\/\/www.nuevopak.com\/de\/wp-json\/wp\/v2\/product\/446","targetHints":{"allow":["GET"]}}],"collection":[{"href":"https:\/\/www.nuevopak.com\/de\/wp-json\/wp\/v2\/product"}],"about":[{"href":"https:\/\/www.nuevopak.com\/de\/wp-json\/wp\/v2\/types\/product"}],"wp:featuredmedia":[{"embeddable":true,"href":"https:\/\/www.nuevopak.com\/de\/wp-json\/wp\/v2\/media\/588"}],"wp:attachment":[{"href":"https:\/\/www.nuevopak.com\/de\/wp-json\/wp\/v2\/media?parent=446"}],"wp:term":[{"taxonomy":"product_brand","embeddable":true,"href":"https:\/\/www.nuevopak.com\/de\/wp-json\/wp\/v2\/product_brand?post=446"},{"taxonomy":"product_cat","embeddable":true,"href":"https:\/\/www.nuevopak.com\/de\/wp-json\/wp\/v2\/product_cat?post=446"},{"taxonomy":"product_tag","embeddable":true,"href":"https:\/\/www.nuevopak.com\/de\/wp-json\/wp\/v2\/product_tag?post=446"},{"taxonomy":"associated_application","embeddable":true,"href":"https:\/\/www.nuevopak.com\/de\/wp-json\/wp\/v2\/associated_application?post=446"}],"curies":[{"name":"wp","href":"https:\/\/api.w.org\/{rel}","templated":true}]}}